{"id":7413,"date":"2024-09-10T12:33:04","date_gmt":"2024-09-10T10:33:04","guid":{"rendered":"https:\/\/optoel.es\/2025\/?page_id=7413"},"modified":"2025-06-05T14:37:41","modified_gmt":"2025-06-05T12:37:41","slug":"formato-comunicaciones","status":"publish","type":"page","link":"https:\/\/optoel.es\/2025\/formato-comunicaciones\/","title":{"rendered":"Formato comunicaciones"},"content":{"rendered":"\t\t<div data-elementor-type=\"wp-page\" data-elementor-id=\"7413\" class=\"elementor elementor-7413\">\n\t\t\t\t\t\t<section class=\"elementor-section elementor-top-section elementor-element elementor-element-b7603c1 elementor-section-stretched elementor-section-full_width elementor-section-height-default elementor-section-height-default elementor-section-column-vertical-align-stretch\" data-id=\"b7603c1\" data-element_type=\"section\" data-settings=\"{&quot;stretch_section&quot;:&quot;section-stretched&quot;,&quot;background_background&quot;:&quot;classic&quot;}\">\n\t\t\t\t\t\t\t<div class=\"elementor-background-overlay\"><\/div>\n\t\t\t\t\t\t\t<div class=\"elementor-container elementor-column-gap-no\">\n\t\t\t\t\t<div class=\"elementor-column elementor-col-100 elementor-top-column elementor-element elementor-element-9ed3833\" data-id=\"9ed3833\" data-element_type=\"column\" data-settings=\"{&quot;background_background&quot;:&quot;classic&quot;}\">\n\t\t\t<div class=\"elementor-widget-wrap elementor-element-populated\">\n\t\t\t\t\t<div class=\"elementor-background-overlay\"><\/div>\n\t\t\t\t<div class=\"elementor-element elementor-element-4431e0d e-flex e-con-boxed e-con e-parent\" data-id=\"4431e0d\" data-element_type=\"container\">\n\t\t\t\t\t<div class=\"e-con-inner\">\n\t\t\t\t<div class=\"elementor-element elementor-element-06e74fb elementor-widget__width-inherit elementor-invisible elementor-widget elementor-widget-tm-heading\" data-id=\"06e74fb\" data-element_type=\"widget\" data-settings=\"{&quot;_animation&quot;:&quot;fadeIn&quot;}\" data-widget_type=\"tm-heading.default\">\n\t\t\t\t<div class=\"elementor-widget-container\">\n\t\t\t\t\t<div class=\"tm-modern-heading\">\n\t\t\t\t\t<div class=\"heading-secondary-wrap\">\n\t\t\t<h3 class=\"heading-secondary elementor-heading-title\">COMUNICACIONES<\/h3>\t\t<\/div>\n\t\t\n\t\t\t\t\t<div class=\"heading-primary-wrap\">\n\t\t\t<h2 class=\"heading-primary elementor-heading-title\">Formato<\/h2>\t\t<\/div>\n\t\t\n\t\t\t\n\t\t\t\t\t<\/div>\n\t\t\t\t<\/div>\n\t\t\t\t<\/div>\n\t\t\t\t\t<\/div>\n\t\t\t\t<\/div>\n\t\t\t\t\t<\/div>\n\t\t<\/div>\n\t\t\t\t\t<\/div>\n\t\t<\/section>\n\t\t\t\t<section class=\"elementor-section elementor-top-section elementor-element elementor-element-c5ff234 elementor-section-boxed elementor-section-gap-beside-yes elementor-section-height-default elementor-section-height-default elementor-section-column-vertical-align-stretch elementor-invisible\" data-id=\"c5ff234\" data-element_type=\"section\" data-settings=\"{&quot;animation&quot;:&quot;billyFadeInUp&quot;}\">\n\t\t\t\t\t\t<div class=\"elementor-container elementor-column-gap-extended\">\n\t\t\t\t\t<div class=\"elementor-column elementor-col-33 elementor-top-column elementor-element elementor-element-c606738\" data-id=\"c606738\" data-element_type=\"column\">\n\t\t\t<div class=\"elementor-widget-wrap elementor-element-populated\">\n\t\t\t\t\t\t<div class=\"elementor-element elementor-element-87630a7 elementor-widget elementor-widget-tm-heading\" data-id=\"87630a7\" data-element_type=\"widget\" data-widget_type=\"tm-heading.default\">\n\t\t\t\t<div class=\"elementor-widget-container\">\n\t\t\t\t\t<div class=\"tm-modern-heading\">\n\t\t\t\n\t\t\t\t\t<div class=\"heading-primary-wrap\">\n\t\t\t<h2 class=\"heading-primary elementor-heading-title\"><b>Normas<\/b> de las comunicaciones<\/h2>\t\t<\/div>\n\t\t\n\t\t\t\n\t\t\t\t\t<\/div>\n\t\t\t\t<\/div>\n\t\t\t\t<\/div>\n\t\t\t\t\t<\/div>\n\t\t<\/div>\n\t\t\t\t<div class=\"elementor-column elementor-col-66 elementor-top-column elementor-element elementor-element-7ecc1cf\" data-id=\"7ecc1cf\" data-element_type=\"column\">\n\t\t\t<div class=\"elementor-widget-wrap elementor-element-populated\">\n\t\t\t\t\t\t<div class=\"elementor-element elementor-element-a80a5f6 elementor-widget__width-initial elementor-widget elementor-widget-text-editor\" data-id=\"a80a5f6\" data-element_type=\"widget\" data-widget_type=\"text-editor.default\">\n\t\t\t\t<div class=\"elementor-widget-container\">\n\t\t\t<style>\/*! elementor - v3.22.0 - 26-06-2024 *\/\n.elementor-widget-text-editor.elementor-drop-cap-view-stacked .elementor-drop-cap{background-color:#69727d;color:#fff}.elementor-widget-text-editor.elementor-drop-cap-view-framed .elementor-drop-cap{color:#69727d;border:3px solid;background-color:transparent}.elementor-widget-text-editor:not(.elementor-drop-cap-view-default) .elementor-drop-cap{margin-top:8px}.elementor-widget-text-editor:not(.elementor-drop-cap-view-default) .elementor-drop-cap-letter{width:1em;height:1em}.elementor-widget-text-editor .elementor-drop-cap{float:left;text-align:center;line-height:1;font-size:50px}.elementor-widget-text-editor .elementor-drop-cap-letter{display:inline-block}<\/style>\t\t\t\t<p><b>1.<\/b>\u00a0 Todas las comunicaciones que se env\u00eden al OPTOEL 2025 deben ajustarse al formato de las siguiente plantilla:<\/p>\t\t\t\t\t\t<\/div>\n\t\t\t\t<\/div>\n\t\t\t\t<div class=\"elementor-element elementor-element-f25588a elementor-icon-list--layout-traditional elementor-list-item-link-full_width elementor-widget elementor-widget-icon-list\" data-id=\"f25588a\" data-element_type=\"widget\" data-widget_type=\"icon-list.default\">\n\t\t\t\t<div class=\"elementor-widget-container\">\n\t\t\t<link rel=\"stylesheet\" href=\"https:\/\/optoel.es\/2025\/wp-content\/plugins\/elementor\/assets\/css\/widget-icon-list.min.css\">\t\t<ul class=\"elementor-icon-list-items\">\n\t\t\t\t\t\t\t<li class=\"elementor-icon-list-item\">\n\t\t\t\t\t\t\t\t\t\t\t<a href=\"https:\/\/optoel.es\/2025\/wp-content\/uploads\/2024\/11\/OPTOEL2025-plantilla-2025.docx\" target=\"_blank\">\n\n\t\t\t\t\t\t\t\t\t\t\t\t<span class=\"elementor-icon-list-icon\">\n\t\t\t\t\t\t\t<svg aria-hidden=\"true\" class=\"e-font-icon-svg e-fa-solid-file-word\" viewBox=\"0 0 384 512\" xmlns=\"http:\/\/www.w3.org\/2000\/svg\"><path d=\"M224 136V0H24C10.7 0 0 10.7 0 24v464c0 13.3 10.7 24 24 24h336c13.3 0 24-10.7 24-24V160H248c-13.2 0-24-10.8-24-24zm57.1 120H305c7.7 0 13.4 7.1 11.7 14.7l-38 168c-1.2 5.5-6.1 9.3-11.7 9.3h-38c-5.5 0-10.3-3.8-11.6-9.1-25.8-103.5-20.8-81.2-25.6-110.5h-.5c-1.1 14.3-2.4 17.4-25.6 110.5-1.3 5.3-6.1 9.1-11.6 9.1H117c-5.6 0-10.5-3.9-11.7-9.4l-37.8-168c-1.7-7.5 4-14.6 11.7-14.6h24.5c5.7 0 10.7 4 11.8 9.7 15.6 78 20.1 109.5 21 122.2 1.6-10.2 7.3-32.7 29.4-122.7 1.3-5.4 6.1-9.1 11.7-9.1h29.1c5.6 0 10.4 3.8 11.7 9.2 24 100.4 28.8 124 29.6 129.4-.2-11.2-2.6-17.8 21.6-129.2 1-5.6 5.9-9.5 11.5-9.5zM384 121.9v6.1H256V0h6.1c6.4 0 12.5 2.5 17 7l97.9 98c4.5 4.5 7 10.6 7 16.9z\"><\/path><\/svg>\t\t\t\t\t\t<\/span>\n\t\t\t\t\t\t\t\t\t\t<span class=\"elementor-icon-list-text\">Plantilla en formato Word OPTOEL 2025<\/span>\n\t\t\t\t\t\t\t\t\t\t\t<\/a>\n\t\t\t\t\t\t\t\t\t<\/li>\n\t\t\t\t\t\t<\/ul>\n\t\t\t\t<\/div>\n\t\t\t\t<\/div>\n\t\t\t\t<div class=\"elementor-element elementor-element-5ee92c2 elementor-widget__width-initial elementor-widget elementor-widget-text-editor\" data-id=\"5ee92c2\" data-element_type=\"widget\" data-widget_type=\"text-editor.default\">\n\t\t\t\t<div class=\"elementor-widget-container\">\n\t\t\t\t\t\t\t<p><b>2. <\/b>Las comunicaciones pueden estar escritas en <b>espa\u00f1ol <\/b>o <b>ingl\u00e9s<\/b>, aunque se recomienda el uso preferente del ingl\u00e9s. En cualquier caso, el <b>abstract <\/b>debe redactarse en <b>ingl\u00e9s<\/b>.<\/p><p><b style=\"color: var( --e-global-color-text ); letter-spacing: 0em;\">3. <\/b><span style=\"color: var( --e-global-color-text ); letter-spacing: 0em;\">Cada comunicaci\u00f3n debe tener una <b>extensi\u00f3n m\u00e1xima de seis p\u00e1ginas<\/b>.<\/span><\/p><p><b style=\"color: var( --e-global-color-text ); letter-spacing: 0em;\">4. <\/b><span style=\"color: var( --e-global-color-text ); letter-spacing: 0em;\">Las comunicaciones se deben enviar en<b> formato PDF<\/b> y exclusivamente a trav\u00e9s de la <b>plataforma EasyChair<\/b> a trav\u00e9s de\u00a0<\/span><a href=\"https:\/\/easychair.org\/my\/conference?conf=optoel2025\" target=\"_blank\" rel=\"noopener\">este enlace<\/a><span style=\"color: var( --e-global-color-text ); letter-spacing: 0em;\">. Es necesario crear una cuenta (si no se dispone de una de congresos previos) para poder subir la comunicaci\u00f3n.<\/span><\/p><p><b style=\"color: var( --e-global-color-text ); letter-spacing: 0em;\">5. <\/b><span style=\"color: var( --e-global-color-text ); letter-spacing: 0em;\"> La fecha l\u00edmite para el env\u00edo de las comunicaciones al OPTOEL 2025 ser\u00e1 el <b>30 de marzo de 2025<\/b>.<\/span><\/p><p><b style=\"color: var( --e-global-color-text ); letter-spacing: 0em;\">6. <\/b><span style=\"color: var( --e-global-color-text ); letter-spacing: 0em;\"> El Comit\u00e9 Cient\u00edfico llevar\u00e1 a cabo la revisi\u00f3n de las comunicaciones notificando su aceptaci\u00f3n\/rechazo durante el mes de mayo de 2025.<\/span><\/p>\t\t\t\t\t\t<\/div>\n\t\t\t\t<\/div>\n\t\t\t\t\t<\/div>\n\t\t<\/div>\n\t\t\t\t\t<\/div>\n\t\t<\/section>\n\t\t\t\t<section class=\"elementor-section elementor-top-section elementor-element elementor-element-1fa36ae elementor-section-boxed elementor-section-gap-beside-yes elementor-section-height-default elementor-section-height-default elementor-section-column-vertical-align-stretch elementor-invisible\" data-id=\"1fa36ae\" data-element_type=\"section\" data-settings=\"{&quot;animation&quot;:&quot;billyFadeInUp&quot;}\">\n\t\t\t\t\t\t<div class=\"elementor-container elementor-column-gap-extended\">\n\t\t\t\t\t<div class=\"elementor-column elementor-col-33 elementor-top-column elementor-element elementor-element-3e2449a\" data-id=\"3e2449a\" data-element_type=\"column\">\n\t\t\t<div class=\"elementor-widget-wrap elementor-element-populated\">\n\t\t\t\t\t\t<div class=\"elementor-element elementor-element-62e8228 elementor-widget elementor-widget-tm-heading\" data-id=\"62e8228\" data-element_type=\"widget\" data-widget_type=\"tm-heading.default\">\n\t\t\t\t<div class=\"elementor-widget-container\">\n\t\t\t\t\t<div class=\"tm-modern-heading\">\n\t\t\t\n\t\t\t\t\t<div class=\"heading-primary-wrap\">\n\t\t\t<h2 class=\"heading-primary elementor-heading-title\"><b>Presentaci\u00f3n <\/b>de las comunicaciones<\/h2>\t\t<\/div>\n\t\t\n\t\t\t\n\t\t\t\t\t<\/div>\n\t\t\t\t<\/div>\n\t\t\t\t<\/div>\n\t\t\t\t\t<\/div>\n\t\t<\/div>\n\t\t\t\t<div class=\"elementor-column elementor-col-66 elementor-top-column elementor-element elementor-element-a2dd8df\" data-id=\"a2dd8df\" data-element_type=\"column\">\n\t\t\t<div class=\"elementor-widget-wrap elementor-element-populated\">\n\t\t\t\t\t\t<div class=\"elementor-element elementor-element-7e04757 elementor-widget__width-initial elementor-widget elementor-widget-text-editor\" data-id=\"7e04757\" data-element_type=\"widget\" data-widget_type=\"text-editor.default\">\n\t\t\t\t<div class=\"elementor-widget-container\">\n\t\t\t\t\t\t\t<p><b>1.\u00a0 Formato de presentaci\u00f3n de las comunicaciones<br \/><\/b>Todas las comunicaciones se presentar\u00e1n en formato p\u00f3ster a excepci\u00f3n de las conferencias invitadas que ser\u00e1n orales.<\/p><p><b>2.\u00a0 Dimensiones del p\u00f3ster<br \/><\/b>Las dimensiones m\u00e1ximas del p\u00f3ster deber\u00e1n ser del tama\u00f1o de un <strong>DIN A0<\/strong>, es decir, 118,9 cm de alto por 84,1 cm de ancho.<\/p><p><span style=\"font-weight: bold;\">3.\u00a0 Numeraci\u00f3n<br \/><\/span><span style=\"letter-spacing: 0em;\">Incluye la numeraci\u00f3n que te hemos asignado y que aparece en el <a href=\"https:\/\/optoel.es\/2025\/wp-content\/uploads\/2025\/06\/Sesiones-de-Posteres-OPTOEL2025.pdf\">programa de las sesiones de p\u00f3steres<\/a>: <strong>S.NN<\/strong>, en que S se refiere a la sesi\u00f3n de p\u00f2sters (1, 2, 3 o 4) y NN al n\u00famero de tu p\u00f3ster.\u00a0<\/span><\/p><p><b>4.\u00a0 Colocaci\u00f3n de p\u00f3steres<br \/><\/b>En el programa de la Reuni\u00f3n se indicar\u00e1 cu\u00e1ndo y en qu\u00e9 sesi\u00f3n debe efectuarse la colocaci\u00f3n de los p\u00f3sters para las diferentes \u00e1reas tem\u00e1ticas.\u00a0<\/p><p>Cada p\u00f3ster tendr\u00e1 asignado un c\u00f3digo que figurar\u00e1 en el panel correspondiente para identificar su lugar de ubicaci\u00f3n. El material para fijar los p\u00f3sters se facilitar\u00e1 por el Comit\u00e9 Organizador.<\/p><p>Al menos un autor debe estar inscrito en la Reuni\u00f3n y estar presente durante la Sesi\u00f3n de p\u00f3steres para realizar la exposici\u00f3n y defensa del mismo. Dicho autor debe ser responsable de traer el p\u00f3ster y de colocarlo en la sesi\u00f3n que le ha sido asignada, as\u00ed como de recogerlo en el horario previsto dentro del programa.<\/p>\t\t\t\t\t\t<\/div>\n\t\t\t\t<\/div>\n\t\t\t\t\t<\/div>\n\t\t<\/div>\n\t\t\t\t\t<\/div>\n\t\t<\/section>\n\t\t\t\t<section class=\"elementor-section elementor-top-section elementor-element elementor-element-1b7c7e7 elementor-section-stretched elementor-section-full_width elementor-section-height-default elementor-section-height-default elementor-section-column-vertical-align-stretch\" data-id=\"1b7c7e7\" data-element_type=\"section\" data-settings=\"{&quot;stretch_section&quot;:&quot;section-stretched&quot;,&quot;background_background&quot;:&quot;classic&quot;}\">\n\t\t\t\t\t\t<div class=\"elementor-container elementor-column-gap-no\">\n\t\t\t\t\t<div class=\"elementor-column elementor-col-100 elementor-top-column elementor-element elementor-element-9d1ec6c\" data-id=\"9d1ec6c\" data-element_type=\"column\" data-settings=\"{&quot;background_background&quot;:&quot;classic&quot;}\">\n\t\t\t<div class=\"elementor-widget-wrap elementor-element-populated\">\n\t\t\t\t\t<div class=\"elementor-background-overlay\"><\/div>\n\t\t\t\t<div class=\"elementor-element elementor-element-f4ac58b e-flex e-con-boxed e-con e-parent\" data-id=\"f4ac58b\" data-element_type=\"container\">\n\t\t\t\t\t<div class=\"e-con-inner\">\n\t\t<div class=\"elementor-element elementor-element-33e461c e-con-full e-flex e-con e-child\" data-id=\"33e461c\" data-element_type=\"container\">\n\t\t\t\t<div class=\"elementor-element elementor-element-9a15b9d elementor-widget__width-initial elementor-widget elementor-widget-text-editor\" data-id=\"9a15b9d\" data-element_type=\"widget\" data-widget_type=\"text-editor.default\">\n\t\t\t\t<div class=\"elementor-widget-container\">\n\t\t\t\t\t\t\t<p>Las comunicaciones <b>s\u00f3lo podr\u00e1n enviarse online a trav\u00e9s de la plataforma EasyChair.<br \/><\/b>Es necesario crear una cuenta (si no se dispone de una de congresos previos) para poder subir la comunicaci\u00f3n.<\/p>\t\t\t\t\t\t<\/div>\n\t\t\t\t<\/div>\n\t\t\t\t<\/div>\n\t\t<div class=\"elementor-element elementor-element-3dfbe7a e-con-full e-flex e-con e-child\" data-id=\"3dfbe7a\" data-element_type=\"container\">\n\t\t\t\t<div class=\"elementor-element elementor-element-7035688 elementor-widget__width-initial elementor-mobile-align-center elementor-widget-mobile__width-initial elementor-invisible elementor-widget elementor-widget-tm-button\" data-id=\"7035688\" data-element_type=\"widget\" data-settings=\"{&quot;_animation&quot;:&quot;billyFadeInUp&quot;}\" data-widget_type=\"tm-button.default\">\n\t\t\t\t<div class=\"elementor-widget-container\">\n\t\t\t\t\t<div class=\"tm-button-wrapper\">\n\t\t\t<a href=\"https:\/\/easychair.org\/my\/conference?conf=optoel2025\" target=\"_blank\" class=\"tm-button-link tm-button style-flat tm-button-nm icon-\" role=\"button\">\n\t\t\t\t\t\t<div class=\"button-content-wrapper\">\n\t\t\t\n\t\t\t\t\t\t\t<span class=\"button-text\">FORMULARIO DE ENV\u00cdO<\/span>\n\t\t\t\n\t\t\t\t\t<\/div>\n\t\t\n\t\t\t\t\t\t\t<\/a>\n\t\t<\/div>\n\t\t\t\t<\/div>\n\t\t\t\t<\/div>\n\t\t\t\t<\/div>\n\t\t\t\t\t<\/div>\n\t\t\t\t<\/div>\n\t\t\t\t\t<\/div>\n\t\t<\/div>\n\t\t\t\t\t<\/div>\n\t\t<\/section>\n\t\t\t\t<\/div>\n\t\t","protected":false},"excerpt":{"rendered":"<p>COMUNICACIONES Formato Normas de las comunicaciones 1.\u00a0 Todas las comunicaciones que se env\u00eden al OPTOEL 2025 deben ajustarse al formato de las siguiente plantilla: Plantilla en formato Word OPTOEL 2025 2. Las comunicaciones pueden estar escritas en espa\u00f1ol o ingl\u00e9s, aunque se recomienda el uso preferente del ingl\u00e9s. En cualquier caso, el abstract debe redactarse en ingl\u00e9s. 3. Cada comunicaci\u00f3n debe tener una extensi\u00f3n m\u00e1xima de seis p\u00e1ginas. 4. Las comunicaciones se deben enviar en formato PDF y exclusivamente a trav\u00e9s de la plataforma EasyChair a trav\u00e9s de\u00a0este enlace. Es necesario crear una cuenta (si no se dispone de una de congresos previos) para poder subir la comunicaci\u00f3n. 5. La fecha l\u00edmite para el env\u00edo de las comunicaciones al OPTOEL 2025 ser\u00e1 el 30 de marzo de 2025. 6. El Comit\u00e9 Cient\u00edfico llevar\u00e1 a cabo la revisi\u00f3n de las comunicaciones notificando su aceptaci\u00f3n\/rechazo durante el mes de mayo de 2025. Presentaci\u00f3n de las comunicaciones 1.\u00a0 Formato de presentaci\u00f3n de las comunicacionesTodas las comunicaciones se presentar\u00e1n en formato p\u00f3ster a excepci\u00f3n de las conferencias invitadas que ser\u00e1n orales. 2.\u00a0 Dimensiones del p\u00f3sterLas dimensiones m\u00e1ximas del p\u00f3ster deber\u00e1n ser del tama\u00f1o de un DIN A0, es decir, 118,9 cm de alto por 84,1 cm de ancho. 3.\u00a0 Numeraci\u00f3nIncluye la numeraci\u00f3n que te hemos asignado y que aparece en el programa de las sesiones de p\u00f3steres: S.NN, en que S se refiere a la sesi\u00f3n de p\u00f2sters (1, 2, 3 o 4) y NN al n\u00famero de tu p\u00f3ster.\u00a0 4.\u00a0 Colocaci\u00f3n de p\u00f3steresEn el programa de la Reuni\u00f3n se indicar\u00e1 cu\u00e1ndo y en qu\u00e9 sesi\u00f3n debe efectuarse la colocaci\u00f3n de los p\u00f3sters para las diferentes \u00e1reas tem\u00e1ticas.\u00a0 Cada p\u00f3ster tendr\u00e1 asignado un c\u00f3digo que figurar\u00e1 en el panel correspondiente para identificar su lugar de ubicaci\u00f3n. El material para fijar los p\u00f3sters se facilitar\u00e1 por el Comit\u00e9 Organizador. Al menos un autor debe estar inscrito en la Reuni\u00f3n y estar presente durante la Sesi\u00f3n de p\u00f3steres para realizar la exposici\u00f3n y defensa del mismo. Dicho autor debe ser responsable de traer el p\u00f3ster y de colocarlo en la sesi\u00f3n que le ha sido asignada, as\u00ed como de recogerlo en el horario previsto dentro del programa. Las comunicaciones s\u00f3lo podr\u00e1n enviarse online a trav\u00e9s de la plataforma EasyChair.Es necesario crear una cuenta (si no se dispone de una de congresos previos) para poder subir la comunicaci\u00f3n. FORMULARIO DE ENV\u00cdO<\/p>\n","protected":false},"author":1,"featured_media":0,"parent":0,"menu_order":0,"comment_status":"closed","ping_status":"closed","template":"","meta":{"footnotes":""},"class_list":["post-7413","page","type-page","status-publish","hentry","post-no-thumbnail"],"_links":{"self":[{"href":"https:\/\/optoel.es\/2025\/wp-json\/wp\/v2\/pages\/7413"}],"collection":[{"href":"https:\/\/optoel.es\/2025\/wp-json\/wp\/v2\/pages"}],"about":[{"href":"https:\/\/optoel.es\/2025\/wp-json\/wp\/v2\/types\/page"}],"author":[{"embeddable":true,"href":"https:\/\/optoel.es\/2025\/wp-json\/wp\/v2\/users\/1"}],"replies":[{"embeddable":true,"href":"https:\/\/optoel.es\/2025\/wp-json\/wp\/v2\/comments?post=7413"}],"version-history":[{"count":115,"href":"https:\/\/optoel.es\/2025\/wp-json\/wp\/v2\/pages\/7413\/revisions"}],"predecessor-version":[{"id":8696,"href":"https:\/\/optoel.es\/2025\/wp-json\/wp\/v2\/pages\/7413\/revisions\/8696"}],"wp:attachment":[{"href":"https:\/\/optoel.es\/2025\/wp-json\/wp\/v2\/media?parent=7413"}],"curies":[{"name":"wp","href":"https:\/\/api.w.org\/{rel}","templated":true}]}}