{"id":6776,"date":"2024-06-26T18:36:23","date_gmt":"2024-06-26T16:36:23","guid":{"rendered":"https:\/\/optoel.es\/2025\/?page_id=6776"},"modified":"2024-11-21T11:48:59","modified_gmt":"2024-11-21T10:48:59","slug":"tematicas-congreso","status":"publish","type":"page","link":"https:\/\/optoel.es\/2025\/tematicas-congreso\/","title":{"rendered":"Tem\u00e1ticas"},"content":{"rendered":"\t\t<div data-elementor-type=\"wp-page\" data-elementor-id=\"6776\" class=\"elementor elementor-6776\">\n\t\t\t\t\t\t<section class=\"elementor-section elementor-top-section elementor-element elementor-element-b3eb4de elementor-section-stretched elementor-section-full_width elementor-section-height-default elementor-section-height-default elementor-section-column-vertical-align-stretch\" data-id=\"b3eb4de\" data-element_type=\"section\" data-settings=\"{&quot;stretch_section&quot;:&quot;section-stretched&quot;,&quot;background_background&quot;:&quot;classic&quot;}\">\n\t\t\t\t\t\t\t<div class=\"elementor-background-overlay\"><\/div>\n\t\t\t\t\t\t\t<div class=\"elementor-container elementor-column-gap-no\">\n\t\t\t\t\t<div class=\"elementor-column elementor-col-100 elementor-top-column elementor-element elementor-element-26783bd\" data-id=\"26783bd\" data-element_type=\"column\" data-settings=\"{&quot;background_background&quot;:&quot;classic&quot;}\">\n\t\t\t<div class=\"elementor-widget-wrap elementor-element-populated\">\n\t\t\t\t\t<div class=\"elementor-background-overlay\"><\/div>\n\t\t\t\t<div class=\"elementor-element elementor-element-3132114 e-flex e-con-boxed e-con e-parent\" data-id=\"3132114\" data-element_type=\"container\">\n\t\t\t\t\t<div class=\"e-con-inner\">\n\t\t\t\t<div class=\"elementor-element elementor-element-5592968 elementor-widget__width-inherit elementor-invisible elementor-widget elementor-widget-tm-heading\" data-id=\"5592968\" data-element_type=\"widget\" data-settings=\"{&quot;_animation&quot;:&quot;fadeIn&quot;}\" data-widget_type=\"tm-heading.default\">\n\t\t\t\t<div class=\"elementor-widget-container\">\n\t\t\t\t\t<div class=\"tm-modern-heading\">\n\t\t\t\t\t<div class=\"heading-secondary-wrap\">\n\t\t\t<h3 class=\"heading-secondary elementor-heading-title\">PROGRAMA<\/h3>\t\t<\/div>\n\t\t\n\t\t\t\t\t<div class=\"heading-primary-wrap\">\n\t\t\t<h2 class=\"heading-primary elementor-heading-title\">Tem\u00e1ticas<\/h2>\t\t<\/div>\n\t\t\n\t\t\t\n\t\t\t\t\t<\/div>\n\t\t\t\t<\/div>\n\t\t\t\t<\/div>\n\t\t\t\t\t<\/div>\n\t\t\t\t<\/div>\n\t\t\t\t\t<\/div>\n\t\t<\/div>\n\t\t\t\t\t<\/div>\n\t\t<\/section>\n\t\t<div class=\"elementor-element elementor-element-7ad133d e-grid e-con-boxed elementor-invisible e-con e-parent\" data-id=\"7ad133d\" data-element_type=\"container\" data-settings=\"{&quot;animation&quot;:&quot;billeyFadeInUp&quot;}\">\n\t\t\t\t\t<div class=\"e-con-inner\">\n\t\t\t\t<div class=\"elementor-element elementor-element-1565b59 elementor-position-left billey-view-default elementor-vertical-align-top elementor-widget elementor-widget-tm-icon-box\" data-id=\"1565b59\" data-element_type=\"widget\" data-widget_type=\"tm-icon-box.default\">\n\t\t\t\t<div class=\"elementor-widget-container\">\n\t\t\t\t\t<div class=\"tm-icon-box\">\n\t\t<div class=\"icon-box-wrapper\">\n\t\t\t\t\t<div class=\"billey-icon-wrap\">\n\t\t\t<div class=\"billey-icon-view first\">\n\t\t\t\t<div class=\"billey-icon-view-inner\">\n\t\t\t\t\t\n\t\t\t\t\t<div class=\"billey-icon icon billey-gradient-icon\">\n\t\t\t\t\t\t<i aria-hidden=\"true\" class=\"fa-light fa-chart-network\"><\/i>\t\t\t\t\t<\/div>\n\t\t\t\t<\/div>\n\t\t\t<\/div>\n\n\t\t\t\t\t<\/div>\n\t\t\n\t\t\t<div class=\"icon-box-content\">\n\t\t\t\t\t\t<div class=\"heading-wrap\">\n\t\t\t<h4 class=\"heading\">Emisores, detectores y amplificadores de radiaci\u00f3n \u00f3ptica (incluidos los THz)<\/h4>\n\t\t\t\t\t<\/div>\n\t\t\n\t\t\t\t\n\t\t\t\t\t\t\t<\/div>\n\t\t<\/div>\n\n\t\t<\/div>\t\t\t\t<\/div>\n\t\t\t\t<\/div>\n\t\t\t\t<div class=\"elementor-element elementor-element-05bf62a elementor-position-left billey-view-default elementor-vertical-align-top elementor-widget elementor-widget-tm-icon-box\" data-id=\"05bf62a\" data-element_type=\"widget\" data-widget_type=\"tm-icon-box.default\">\n\t\t\t\t<div class=\"elementor-widget-container\">\n\t\t\t\t\t<div class=\"tm-icon-box\">\n\t\t<div class=\"icon-box-wrapper\">\n\t\t\t\t\t<div class=\"billey-icon-wrap\">\n\t\t\t<div class=\"billey-icon-view first\">\n\t\t\t\t<div class=\"billey-icon-view-inner\">\n\t\t\t\t\t\n\t\t\t\t\t<div class=\"billey-icon icon billey-gradient-icon\">\n\t\t\t\t\t\t<i aria-hidden=\"true\" class=\"fa-light fa-goal-net\"><\/i>\t\t\t\t\t<\/div>\n\t\t\t\t<\/div>\n\t\t\t<\/div>\n\n\t\t\t\t\t<\/div>\n\t\t\n\t\t\t<div class=\"icon-box-content\">\n\t\t\t\t\t\t<div class=\"heading-wrap\">\n\t\t\t<h4 class=\"heading\">Fibra \u00f3ptica: Tecnolog\u00eda de fibras y cables: multiplexaci\u00f3n espacial, fibras especiales<\/h4>\n\t\t\t\t\t<\/div>\n\t\t\n\t\t\t\t\n\t\t\t\t\t\t\t<\/div>\n\t\t<\/div>\n\n\t\t<\/div>\t\t\t\t<\/div>\n\t\t\t\t<\/div>\n\t\t\t\t<div class=\"elementor-element elementor-element-bdaba8a elementor-position-left billey-view-default elementor-vertical-align-top elementor-widget elementor-widget-tm-icon-box\" data-id=\"bdaba8a\" data-element_type=\"widget\" data-widget_type=\"tm-icon-box.default\">\n\t\t\t\t<div class=\"elementor-widget-container\">\n\t\t\t\t\t<div class=\"tm-icon-box\">\n\t\t<div class=\"icon-box-wrapper\">\n\t\t\t\t\t<div class=\"billey-icon-wrap\">\n\t\t\t<div class=\"billey-icon-view first\">\n\t\t\t\t<div class=\"billey-icon-view-inner\">\n\t\t\t\t\t\n\t\t\t\t\t<div class=\"billey-icon icon billey-gradient-icon\">\n\t\t\t\t\t\t<i aria-hidden=\"true\" class=\"fa-light fa-nfc-signal\"><\/i>\t\t\t\t\t<\/div>\n\t\t\t\t<\/div>\n\t\t\t<\/div>\n\n\t\t\t\t\t<\/div>\n\t\t\n\t\t\t<div class=\"icon-box-content\">\n\t\t\t\t\t\t<div class=\"heading-wrap\">\n\t\t\t<h4 class=\"heading\">Dispositivos \u00f3pticos y electro\u00f3pticos para procesado \u00f3ptico de se\u00f1al (con imagen)<\/h4>\n\t\t\t\t\t<\/div>\n\t\t\n\t\t\t\t\n\t\t\t\t\t\t\t<\/div>\n\t\t<\/div>\n\n\t\t<\/div>\t\t\t\t<\/div>\n\t\t\t\t<\/div>\n\t\t\t\t<div class=\"elementor-element elementor-element-c1053de elementor-position-left billey-view-default elementor-vertical-align-top elementor-widget elementor-widget-tm-icon-box\" data-id=\"c1053de\" data-element_type=\"widget\" data-widget_type=\"tm-icon-box.default\">\n\t\t\t\t<div class=\"elementor-widget-container\">\n\t\t\t\t\t<div class=\"tm-icon-box\">\n\t\t<div class=\"icon-box-wrapper\">\n\t\t\t\t\t<div class=\"billey-icon-wrap\">\n\t\t\t<div class=\"billey-icon-view first\">\n\t\t\t\t<div class=\"billey-icon-view-inner\">\n\t\t\t\t\t\n\t\t\t\t\t<div class=\"billey-icon icon billey-gradient-icon\">\n\t\t\t\t\t\t<i aria-hidden=\"true\" class=\"fa-light fa-grip-dots-vertical\"><\/i>\t\t\t\t\t<\/div>\n\t\t\t\t<\/div>\n\t\t\t<\/div>\n\n\t\t\t\t\t<\/div>\n\t\t\n\t\t\t<div class=\"icon-box-content\">\n\t\t\t\t\t\t<div class=\"heading-wrap\">\n\t\t\t<h4 class=\"heading\">Circuitos Fot\u00f3nicos Integrados y Micro-\u00d3ptica<\/h4>\n\t\t\t\t\t<\/div>\n\t\t\n\t\t\t\t\n\t\t\t\t\t\t\t<\/div>\n\t\t<\/div>\n\n\t\t<\/div>\t\t\t\t<\/div>\n\t\t\t\t<\/div>\n\t\t\t\t<div class=\"elementor-element elementor-element-e09919c elementor-position-left elementor-vertical-align-middle billey-view-default elementor-widget elementor-widget-tm-icon-box\" data-id=\"e09919c\" data-element_type=\"widget\" data-widget_type=\"tm-icon-box.default\">\n\t\t\t\t<div class=\"elementor-widget-container\">\n\t\t\t\t\t<div class=\"tm-icon-box\">\n\t\t<div class=\"icon-box-wrapper\">\n\t\t\t\t\t<div class=\"billey-icon-wrap\">\n\t\t\t<div class=\"billey-icon-view first\">\n\t\t\t\t<div class=\"billey-icon-view-inner\">\n\t\t\t\t\t\n\t\t\t\t\t<div class=\"billey-icon icon billey-gradient-icon\">\n\t\t\t\t\t\t<i aria-hidden=\"true\" class=\"fa-light fa-arrows-turn-to-dots\"><\/i>\t\t\t\t\t<\/div>\n\t\t\t\t<\/div>\n\t\t\t<\/div>\n\n\t\t\t\t\t<\/div>\n\t\t\n\t\t\t<div class=\"icon-box-content\">\n\t\t\t\t\t\t<div class=\"heading-wrap\">\n\t\t\t<h4 class=\"heading\">\u00d3ptica no-lineal y \u00d3ptica cu\u00e1ntica<\/h4>\n\t\t\t\t\t<\/div>\n\t\t\n\t\t\t\t\n\t\t\t\t\t\t\t<\/div>\n\t\t<\/div>\n\n\t\t<\/div>\t\t\t\t<\/div>\n\t\t\t\t<\/div>\n\t\t\t\t<div class=\"elementor-element elementor-element-786a1a0 elementor-position-left elementor-vertical-align-middle billey-view-default elementor-widget elementor-widget-tm-icon-box\" data-id=\"786a1a0\" data-element_type=\"widget\" data-widget_type=\"tm-icon-box.default\">\n\t\t\t\t<div class=\"elementor-widget-container\">\n\t\t\t\t\t<div class=\"tm-icon-box\">\n\t\t<div class=\"icon-box-wrapper\">\n\t\t\t\t\t<div class=\"billey-icon-wrap\">\n\t\t\t<div class=\"billey-icon-view first\">\n\t\t\t\t<div class=\"billey-icon-view-inner\">\n\t\t\t\t\t\n\t\t\t\t\t<div class=\"billey-icon icon billey-gradient-icon\">\n\t\t\t\t\t\t<i aria-hidden=\"true\" class=\"fa-light fa-sensor\"><\/i>\t\t\t\t\t<\/div>\n\t\t\t\t<\/div>\n\t\t\t<\/div>\n\n\t\t\t\t\t<\/div>\n\t\t\n\t\t\t<div class=\"icon-box-content\">\n\t\t\t\t\t\t<div class=\"heading-wrap\">\n\t\t\t<h4 class=\"heading\">Sensores, metrolog\u00eda y est\u00e1ndares<\/h4>\n\t\t\t\t\t<\/div>\n\t\t\n\t\t\t\t\n\t\t\t\t\t\t\t<\/div>\n\t\t<\/div>\n\n\t\t<\/div>\t\t\t\t<\/div>\n\t\t\t\t<\/div>\n\t\t\t\t<div class=\"elementor-element elementor-element-963cd14 elementor-position-left billey-view-default elementor-vertical-align-top elementor-widget elementor-widget-tm-icon-box\" data-id=\"963cd14\" data-element_type=\"widget\" data-widget_type=\"tm-icon-box.default\">\n\t\t\t\t<div class=\"elementor-widget-container\">\n\t\t\t\t\t<div class=\"tm-icon-box\">\n\t\t<div class=\"icon-box-wrapper\">\n\t\t\t\t\t<div class=\"billey-icon-wrap\">\n\t\t\t<div class=\"billey-icon-view first\">\n\t\t\t\t<div class=\"billey-icon-view-inner\">\n\t\t\t\t\t\n\t\t\t\t\t<div class=\"billey-icon icon billey-gradient-icon\">\n\t\t\t\t\t\t<i aria-hidden=\"true\" class=\"fa-light fa-cabinet-filing\"><\/i>\t\t\t\t\t<\/div>\n\t\t\t\t<\/div>\n\t\t\t<\/div>\n\n\t\t\t\t\t<\/div>\n\t\t\n\t\t\t<div class=\"icon-box-content\">\n\t\t\t\t\t\t<div class=\"heading-wrap\">\n\t\t\t<h4 class=\"heading\">Comunicaciones \u00f3pticas. Redes, sistemas y subsistemas<\/h4>\n\t\t\t\t\t<\/div>\n\t\t\n\t\t\t\t\n\t\t\t\t\t\t\t<\/div>\n\t\t<\/div>\n\n\t\t<\/div>\t\t\t\t<\/div>\n\t\t\t\t<\/div>\n\t\t\t\t<div class=\"elementor-element elementor-element-2d00140 elementor-position-left billey-view-default elementor-vertical-align-top elementor-widget elementor-widget-tm-icon-box\" data-id=\"2d00140\" data-element_type=\"widget\" data-widget_type=\"tm-icon-box.default\">\n\t\t\t\t<div class=\"elementor-widget-container\">\n\t\t\t\t\t<div class=\"tm-icon-box\">\n\t\t<div class=\"icon-box-wrapper\">\n\t\t\t\t\t<div class=\"billey-icon-wrap\">\n\t\t\t<div class=\"billey-icon-view first\">\n\t\t\t\t<div class=\"billey-icon-view-inner\">\n\t\t\t\t\t\n\t\t\t\t\t<div class=\"billey-icon icon billey-gradient-icon\">\n\t\t\t\t\t\t<i aria-hidden=\"true\" class=\"fa-light fa-hand-holding-medical\"><\/i>\t\t\t\t\t<\/div>\n\t\t\t\t<\/div>\n\t\t\t<\/div>\n\n\t\t\t\t\t<\/div>\n\t\t\n\t\t\t<div class=\"icon-box-content\">\n\t\t\t\t\t\t<div class=\"heading-wrap\">\n\t\t\t<h4 class=\"heading\">Biofot\u00f3nica. Fot\u00f3nica aplicada a los materiales biol\u00f3gicos y la medicina<\/h4>\n\t\t\t\t\t<\/div>\n\t\t\n\t\t\t\t\n\t\t\t\t\t\t\t<\/div>\n\t\t<\/div>\n\n\t\t<\/div>\t\t\t\t<\/div>\n\t\t\t\t<\/div>\n\t\t\t\t<div class=\"elementor-element elementor-element-bb4de46 elementor-position-left billey-view-default elementor-vertical-align-top elementor-widget elementor-widget-tm-icon-box\" data-id=\"bb4de46\" data-element_type=\"widget\" data-widget_type=\"tm-icon-box.default\">\n\t\t\t\t<div class=\"elementor-widget-container\">\n\t\t\t\t\t<div class=\"tm-icon-box\">\n\t\t<div class=\"icon-box-wrapper\">\n\t\t\t\t\t<div class=\"billey-icon-wrap\">\n\t\t\t<div class=\"billey-icon-view first\">\n\t\t\t\t<div class=\"billey-icon-view-inner\">\n\t\t\t\t\t\n\t\t\t\t\t<div class=\"billey-icon icon billey-gradient-icon\">\n\t\t\t\t\t\t<i aria-hidden=\"true\" class=\"fa-light fa-light-switch-on\"><\/i>\t\t\t\t\t<\/div>\n\t\t\t\t<\/div>\n\t\t\t<\/div>\n\n\t\t\t\t\t<\/div>\n\t\t\n\t\t\t<div class=\"icon-box-content\">\n\t\t\t\t\t\t<div class=\"heading-wrap\">\n\t\t\t<h4 class=\"heading\">L\u00e1seres: sus aplicaciones industriales, m\u00e9dicas y de procesado de materiales<\/h4>\n\t\t\t\t\t<\/div>\n\t\t\n\t\t\t\t\n\t\t\t\t\t\t\t<\/div>\n\t\t<\/div>\n\n\t\t<\/div>\t\t\t\t<\/div>\n\t\t\t\t<\/div>\n\t\t\t\t<div class=\"elementor-element elementor-element-3724cff elementor-position-left billey-view-default elementor-vertical-align-top elementor-widget elementor-widget-tm-icon-box\" data-id=\"3724cff\" data-element_type=\"widget\" data-widget_type=\"tm-icon-box.default\">\n\t\t\t\t<div class=\"elementor-widget-container\">\n\t\t\t\t\t<div class=\"tm-icon-box\">\n\t\t<div class=\"icon-box-wrapper\">\n\t\t\t\t\t<div class=\"billey-icon-wrap\">\n\t\t\t<div class=\"billey-icon-view first\">\n\t\t\t\t<div class=\"billey-icon-view-inner\">\n\t\t\t\t\t\n\t\t\t\t\t<div class=\"billey-icon icon billey-gradient-icon\">\n\t\t\t\t\t\t<i aria-hidden=\"true\" class=\"fa-light fa-laptop-binary\"><\/i>\t\t\t\t\t<\/div>\n\t\t\t\t<\/div>\n\t\t\t<\/div>\n\n\t\t\t\t\t<\/div>\n\t\t\n\t\t\t<div class=\"icon-box-content\">\n\t\t\t\t\t\t<div class=\"heading-wrap\">\n\t\t\t<h4 class=\"heading\">Inteligencia artificial aplicada a la fot\u00f3nica<\/h4>\n\t\t\t\t\t<\/div>\n\t\t\n\t\t\t\t\n\t\t\t\t\t\t\t<\/div>\n\t\t<\/div>\n\n\t\t<\/div>\t\t\t\t<\/div>\n\t\t\t\t<\/div>\n\t\t\t\t<div class=\"elementor-element elementor-element-afa6a92 elementor-position-left billey-view-default elementor-vertical-align-top elementor-widget elementor-widget-tm-icon-box\" data-id=\"afa6a92\" data-element_type=\"widget\" data-widget_type=\"tm-icon-box.default\">\n\t\t\t\t<div class=\"elementor-widget-container\">\n\t\t\t\t\t<div class=\"tm-icon-box\">\n\t\t<div class=\"icon-box-wrapper\">\n\t\t\t\t\t<div class=\"billey-icon-wrap\">\n\t\t\t<div class=\"billey-icon-view first\">\n\t\t\t\t<div class=\"billey-icon-view-inner\">\n\t\t\t\t\t\n\t\t\t\t\t<div class=\"billey-icon icon billey-gradient-icon\">\n\t\t\t\t\t\t<i aria-hidden=\"true\" class=\"fa-light fa-industry-windows\"><\/i>\t\t\t\t\t<\/div>\n\t\t\t\t<\/div>\n\t\t\t<\/div>\n\n\t\t\t\t\t<\/div>\n\t\t\n\t\t\t<div class=\"icon-box-content\">\n\t\t\t\t\t\t<div class=\"heading-wrap\">\n\t\t\t<h4 class=\"heading\">Aplicaciones industriales de la fot\u00f3nica<\/h4>\n\t\t\t\t\t<\/div>\n\t\t\n\t\t\t\t\n\t\t\t\t\t\t\t<\/div>\n\t\t<\/div>\n\n\t\t<\/div>\t\t\t\t<\/div>\n\t\t\t\t<\/div>\n\t\t\t\t<div class=\"elementor-element elementor-element-169791a elementor-position-left billey-view-default elementor-vertical-align-top elementor-widget elementor-widget-tm-icon-box\" data-id=\"169791a\" data-element_type=\"widget\" data-widget_type=\"tm-icon-box.default\">\n\t\t\t\t<div class=\"elementor-widget-container\">\n\t\t\t\t\t<div class=\"tm-icon-box\">\n\t\t<div class=\"icon-box-wrapper\">\n\t\t\t\t\t<div class=\"billey-icon-wrap\">\n\t\t\t<div class=\"billey-icon-view first\">\n\t\t\t\t<div class=\"billey-icon-view-inner\">\n\t\t\t\t\t\n\t\t\t\t\t<div class=\"billey-icon icon billey-gradient-icon\">\n\t\t\t\t\t\t<i aria-hidden=\"true\" class=\"fa-light fa-book-arrow-up\"><\/i>\t\t\t\t\t<\/div>\n\t\t\t\t<\/div>\n\t\t\t<\/div>\n\n\t\t\t\t\t<\/div>\n\t\t\n\t\t\t<div class=\"icon-box-content\">\n\t\t\t\t\t\t<div class=\"heading-wrap\">\n\t\t\t<h4 class=\"heading\">Nuevas teor\u00edas, efectos, t\u00e9cnicas y tecnolog\u00edas para la fot\u00f3nica<\/h4>\n\t\t\t\t\t<\/div>\n\t\t\n\t\t\t\t\n\t\t\t\t\t\t\t<\/div>\n\t\t<\/div>\n\n\t\t<\/div>\t\t\t\t<\/div>\n\t\t\t\t<\/div>\n\t\t\t\t\t<\/div>\n\t\t\t\t<\/div>\n\t\t\t\t<section class=\"elementor-section elementor-top-section elementor-element elementor-element-1eb851d elementor-section-stretched elementor-section-full_width elementor-section-height-default elementor-section-height-default elementor-section-column-vertical-align-stretch\" data-id=\"1eb851d\" data-element_type=\"section\" data-settings=\"{&quot;stretch_section&quot;:&quot;section-stretched&quot;,&quot;background_background&quot;:&quot;classic&quot;}\">\n\t\t\t\t\t\t<div class=\"elementor-container elementor-column-gap-no\">\n\t\t\t\t\t<div class=\"elementor-column elementor-col-100 elementor-top-column elementor-element elementor-element-5d514c8\" data-id=\"5d514c8\" data-element_type=\"column\" data-settings=\"{&quot;background_background&quot;:&quot;classic&quot;}\">\n\t\t\t<div class=\"elementor-widget-wrap elementor-element-populated\">\n\t\t\t\t\t<div class=\"elementor-background-overlay\"><\/div>\n\t\t\t\t<div class=\"elementor-element elementor-element-7049866 e-flex e-con-boxed e-con e-parent\" data-id=\"7049866\" data-element_type=\"container\">\n\t\t\t\t\t<div class=\"e-con-inner\">\n\t\t\t\t<div class=\"elementor-element elementor-element-422326d elementor-invisible elementor-widget elementor-widget-tm-heading\" data-id=\"422326d\" data-element_type=\"widget\" data-settings=\"{&quot;_animation&quot;:&quot;billyFadeInUp&quot;}\" data-widget_type=\"tm-heading.default\">\n\t\t\t\t<div class=\"elementor-widget-container\">\n\t\t\t\t\t<div class=\"tm-modern-heading\">\n\t\t\t\n\t\t\t\t\t<div class=\"heading-primary-wrap\">\n\t\t\t<h3 class=\"heading-primary elementor-heading-title\">Fechas importantes<\/h3>\t\t<\/div>\n\t\t\n\t\t\t\n\t\t\t\t\t<\/div>\n\t\t\t\t<\/div>\n\t\t\t\t<\/div>\n\t\t\t\t<div class=\"elementor-element elementor-element-310c7a0 elementor-invisible elementor-widget elementor-widget-tm-attribute-list\" data-id=\"310c7a0\" data-element_type=\"widget\" data-settings=\"{&quot;_animation&quot;:&quot;billeyFadeInUp&quot;}\" data-widget_type=\"tm-attribute-list.default\">\n\t\t\t\t<div class=\"elementor-widget-container\">\n\t\t\t\t\t<div class=\"tm-attribute-list style-02 layout-inline\">\n\t\t\t<div class=\"inner\">\n\t\t\t\t<div class=\"list\">\n\t\t\t\t\t\t\t\t\t\t\t\t<div class=\"item\">\n\t\t\t\t\t\t\t\t<h6 class=\"name\">Env\u00edo de contribuciones<\/h6>\n\t\t\t\t\t\t\t\t<div class=\"value\">01\/11\/2024 \u2013 16\/03\/2025<\/div>\n\t\t\t\t\t\t\t<\/div>\n\t\t\t\t\t\t\t\t\t\t\t\t\t\t<div class=\"item\">\n\t\t\t\t\t\t\t\t<h6 class=\"name\">Periodo de inscripci\u00f3n anticipada<\/h6>\n\t\t\t\t\t\t\t\t<div class=\"value\">03\/03\/2025 \u2013 31\/05\/2025\n<\/div>\n\t\t\t\t\t\t\t<\/div>\n\t\t\t\t\t\t\t\t\t\t\t\t\t\t<div class=\"item\">\n\t\t\t\t\t\t\t\t<h6 class=\"name\">Periodo de inscripci\u00f3n general<\/h6>\n\t\t\t\t\t\t\t\t<div class=\"value\">01\/06\/2025 \u2013 15\/06\/2025<\/div>\n\t\t\t\t\t\t\t<\/div>\n\t\t\t\t\t\t\t\t\t\t\t<\/div>\n\t\t\t<\/div>\n\t\t<\/div>\n\t\t\t\t<\/div>\n\t\t\t\t<\/div>\n\t\t\t\t\t<\/div>\n\t\t\t\t<\/div>\n\t\t\t\t\t<\/div>\n\t\t<\/div>\n\t\t\t\t\t<\/div>\n\t\t<\/section>\n\t\t\t\t<\/div>\n\t\t","protected":false},"excerpt":{"rendered":"<p>PROGRAMA Tem\u00e1ticas Emisores, detectores y amplificadores de radiaci\u00f3n \u00f3ptica (incluidos los THz) Fibra \u00f3ptica: Tecnolog\u00eda de fibras y cables: multiplexaci\u00f3n espacial, fibras especiales Dispositivos \u00f3pticos y electro\u00f3pticos para procesado \u00f3ptico de se\u00f1al (con imagen) Circuitos Fot\u00f3nicos Integrados y Micro-\u00d3ptica \u00d3ptica no-lineal y \u00d3ptica cu\u00e1ntica Sensores, metrolog\u00eda y est\u00e1ndares Comunicaciones \u00f3pticas. Redes, sistemas y subsistemas Biofot\u00f3nica. Fot\u00f3nica aplicada a los materiales biol\u00f3gicos y la medicina L\u00e1seres: sus aplicaciones industriales, m\u00e9dicas y de procesado de materiales Inteligencia artificial aplicada a la fot\u00f3nica Aplicaciones industriales de la fot\u00f3nica Nuevas teor\u00edas, efectos, t\u00e9cnicas y tecnolog\u00edas para la fot\u00f3nica Fechas importantes Env\u00edo de contribuciones 01\/11\/2024 \u2013 16\/03\/2025 Periodo de inscripci\u00f3n anticipada 03\/03\/2025 \u2013 31\/05\/2025 Periodo de inscripci\u00f3n general 01\/06\/2025 \u2013 15\/06\/2025<\/p>\n","protected":false},"author":1,"featured_media":0,"parent":0,"menu_order":0,"comment_status":"closed","ping_status":"closed","template":"","meta":{"footnotes":""},"class_list":["post-6776","page","type-page","status-publish","hentry","post-no-thumbnail"],"_links":{"self":[{"href":"https:\/\/optoel.es\/2025\/wp-json\/wp\/v2\/pages\/6776"}],"collection":[{"href":"https:\/\/optoel.es\/2025\/wp-json\/wp\/v2\/pages"}],"about":[{"href":"https:\/\/optoel.es\/2025\/wp-json\/wp\/v2\/types\/page"}],"author":[{"embeddable":true,"href":"https:\/\/optoel.es\/2025\/wp-json\/wp\/v2\/users\/1"}],"replies":[{"embeddable":true,"href":"https:\/\/optoel.es\/2025\/wp-json\/wp\/v2\/comments?post=6776"}],"version-history":[{"count":72,"href":"https:\/\/optoel.es\/2025\/wp-json\/wp\/v2\/pages\/6776\/revisions"}],"predecessor-version":[{"id":7909,"href":"https:\/\/optoel.es\/2025\/wp-json\/wp\/v2\/pages\/6776\/revisions\/7909"}],"wp:attachment":[{"href":"https:\/\/optoel.es\/2025\/wp-json\/wp\/v2\/media?parent=6776"}],"curies":[{"name":"wp","href":"https:\/\/api.w.org\/{rel}","templated":true}]}}